{"id":590,"date":"2023-01-11T09:28:48","date_gmt":"2023-01-11T12:28:48","guid":{"rendered":"https:\/\/unima-argentina.org\/ua22\/?page_id=590"},"modified":"2023-01-11T10:24:05","modified_gmt":"2023-01-11T13:24:05","slug":"contacto","status":"publish","type":"page","link":"https:\/\/unima-argentina.org\/ua22\/contacto\/","title":{"rendered":"Contacto"},"content":{"rendered":"<p>&nbsp;<\/p>\n<p>&nbsp;<\/p>\n<p>Directiva 2022\/26: <strong><a href=\"mailto:unimargentina@gmail.com\">unimargentina@gmail.com<\/a><\/strong><br \/>\nM\u00f3nica Mart\u00ednez, Mayra de Paco, Eleonora Castel, Gabriela C\u00e9spedes, Natividad Martone<\/p>\n<p>Comisiones:<\/p>\n<p>Educaci\u00f3n: <strong><a href=\"mailto:unimaeducacion@gmail.com\">unimaeducacion@gmail.com<\/a><\/strong><br \/>\nAdriana Sobrero<\/p>\n<p>Biblioteca Virtual: <strong><a href=\"mailto:bibliotecavirtualunima.ar@gmail.com\">bibliotecavirtualunima.ar@gmail.com<\/a><\/strong><br \/>\nAntonio Quispe. Katy Raggi, Paula Quintana, Alejandra Farley, Ver\u00f3nica Guer\u00edn, Fernanda Lamelas, M\u00e1nica Mart\u00ednez<\/p>\n<p>G\u00e9nero: <strong><a href=\"mailto:generounima@gmail.com\">generounima@gmail.com<\/a><\/strong><br \/>\nGabriela Far\u00edas, Lorena Lugo, Eleonora Castel<\/p>\n<p>Relevamiento: <strong><a href=\"mailto:relevamientounima.ar@gmail.com\">relevamientounima.ar@gmail.com<\/a><\/strong><br \/>\nGabriel Von Fern\u00e1ndez, Basko Ugalde<\/p>\n<p>Emergentes: <a href=\"mailto:unimaemergentes@gmail.com\"><strong>unimaemergentes@gmail.com<\/strong><\/a><br \/>\nPablo Albini<br \/>\n_______________________<\/p>\n<p><em>Administraci\u00f3n de esta p\u00e1gina web<\/em>: <strong><a href=\"mailto:web.unima.ar@gmail.com\">web.unima.ar@gmail.com<\/a><\/strong><\/p>\n","protected":false},"excerpt":{"rendered":"<p>&nbsp; &nbsp; Directiva 2022\/26: unimargentina@gmail.com M\u00f3nica Mart\u00ednez, Mayra de Paco, Eleonora Castel, Gabriela C\u00e9spedes, Natividad Martone Comisiones: Educaci\u00f3n: unimaeducacion@gmail.com Adriana Sobrero Biblioteca Virtual: bibliotecavirtualunima.ar@gmail.com Antonio Quispe. Katy Raggi, Paula Quintana, Alejandra Farley, Ver\u00f3nica Guer\u00edn, Fernanda Lamelas, M\u00e1nica Mart\u00ednez G\u00e9nero: generounima@gmail.com Gabriela Far\u00edas, Lorena Lugo, Eleonora Castel Relevamiento: relevamientounima.ar@gmail.com Gabriel Von Fern\u00e1ndez, Basko Ugalde Emergentes: unimaemergentes@gmail.com [&hellip;]<\/p>\n","protected":false},"author":1,"featured_media":603,"parent":0,"menu_order":0,"comment_status":"closed","ping_status":"closed","template":"","meta":{"footnotes":""},"class_list":["post-590","page","type-page","status-publish","has-post-thumbnail","hentry"],"_links":{"self":[{"href":"https:\/\/unima-argentina.org\/ua22\/wp-json\/wp\/v2\/pages\/590","targetHints":{"allow":["GET"]}}],"collection":[{"href":"https:\/\/unima-argentina.org\/ua22\/wp-json\/wp\/v2\/pages"}],"about":[{"href":"https:\/\/unima-argentina.org\/ua22\/wp-json\/wp\/v2\/types\/page"}],"author":[{"embeddable":true,"href":"https:\/\/unima-argentina.org\/ua22\/wp-json\/wp\/v2\/users\/1"}],"replies":[{"embeddable":true,"href":"https:\/\/unima-argentina.org\/ua22\/wp-json\/wp\/v2\/comments?post=590"}],"version-history":[{"count":7,"href":"https:\/\/unima-argentina.org\/ua22\/wp-json\/wp\/v2\/pages\/590\/revisions"}],"predecessor-version":[{"id":607,"href":"https:\/\/unima-argentina.org\/ua22\/wp-json\/wp\/v2\/pages\/590\/revisions\/607"}],"wp:featuredmedia":[{"embeddable":true,"href":"https:\/\/unima-argentina.org\/ua22\/wp-json\/wp\/v2\/media\/603"}],"wp:attachment":[{"href":"https:\/\/unima-argentina.org\/ua22\/wp-json\/wp\/v2\/media?parent=590"}],"curies":[{"name":"wp","href":"https:\/\/api.w.org\/{rel}","templated":true}]}}