{"id":661,"date":"2023-01-12T10:57:53","date_gmt":"2023-01-12T13:57:53","guid":{"rendered":"https:\/\/unima-argentina.org\/ua22\/?page_id=661"},"modified":"2023-02-26T15:20:52","modified_gmt":"2023-02-26T18:20:52","slug":"comision-relevamiento","status":"publish","type":"page","link":"https:\/\/unima-argentina.org\/ua22\/comision-relevamiento\/","title":{"rendered":"Comisi\u00f3n Relevamiento"},"content":{"rendered":"<p>&nbsp;<\/p>\n<p><strong>Relevamiento<\/strong><\/p>\n<p>Se form\u00f3 en 2018 y logr\u00f3 una importante base de datos de titiriteres y festivales, la propuesta es \u00a0seguir recaudando datos y orden\u00e1ndolos para tener un registro por fechas de realizaci\u00f3n y convocatoria de Festivales Nacionales.<\/p>\n<p>Integrantes:<br \/>\nBasko Ugalde<br \/>\nCoordina: Gabriel Von Fern\u00e1ndez<\/p>\n<p><a href=\"mailto:relevamientounima.ar@gmail.com\">relevamientounima.ar@gmail.com<\/a><\/p>\n","protected":false},"excerpt":{"rendered":"<p>&nbsp; Relevamiento Se form\u00f3 en 2018 y logr\u00f3 una importante base de datos de titiriteres y festivales, la propuesta es \u00a0seguir recaudando datos y orden\u00e1ndolos para tener un registro por fechas de realizaci\u00f3n y convocatoria de Festivales Nacionales. Integrantes: Basko Ugalde Coordina: Gabriel Von Fern\u00e1ndez relevamientounima.ar@gmail.com<\/p>\n","protected":false},"author":1,"featured_media":0,"parent":0,"menu_order":0,"comment_status":"closed","ping_status":"closed","template":"","meta":{"footnotes":""},"class_list":["post-661","page","type-page","status-publish","hentry"],"_links":{"self":[{"href":"https:\/\/unima-argentina.org\/ua22\/wp-json\/wp\/v2\/pages\/661","targetHints":{"allow":["GET"]}}],"collection":[{"href":"https:\/\/unima-argentina.org\/ua22\/wp-json\/wp\/v2\/pages"}],"about":[{"href":"https:\/\/unima-argentina.org\/ua22\/wp-json\/wp\/v2\/types\/page"}],"author":[{"embeddable":true,"href":"https:\/\/unima-argentina.org\/ua22\/wp-json\/wp\/v2\/users\/1"}],"replies":[{"embeddable":true,"href":"https:\/\/unima-argentina.org\/ua22\/wp-json\/wp\/v2\/comments?post=661"}],"version-history":[{"count":5,"href":"https:\/\/unima-argentina.org\/ua22\/wp-json\/wp\/v2\/pages\/661\/revisions"}],"predecessor-version":[{"id":692,"href":"https:\/\/unima-argentina.org\/ua22\/wp-json\/wp\/v2\/pages\/661\/revisions\/692"}],"wp:attachment":[{"href":"https:\/\/unima-argentina.org\/ua22\/wp-json\/wp\/v2\/media?parent=661"}],"curies":[{"name":"wp","href":"https:\/\/api.w.org\/{rel}","templated":true}]}}