{"id":664,"date":"2023-01-12T10:58:24","date_gmt":"2023-01-12T13:58:24","guid":{"rendered":"https:\/\/unima-argentina.org\/ua22\/?page_id=664"},"modified":"2023-02-26T15:22:15","modified_gmt":"2023-02-26T18:22:15","slug":"comision-emergentes","status":"publish","type":"page","link":"https:\/\/unima-argentina.org\/ua22\/comision-emergentes\/","title":{"rendered":"Comisi\u00f3n Emergentes"},"content":{"rendered":"<p>&nbsp;<\/p>\n<p><strong>Emergentes<\/strong><\/p>\n<p>Esta comisi\u00f3n est\u00e1 naciendo y busca nuclear a las personas de todas las edades que est\u00e1n comenzando a transitar el camino de los t\u00edteres<\/p>\n<p>Pablo Albini<\/p>\n<p><a href=\"mailto:unimaemergentes@gmail.com\">unimaemergentes@gmail.com<\/a><\/p>\n","protected":false},"excerpt":{"rendered":"<p>&nbsp; Emergentes Esta comisi\u00f3n est\u00e1 naciendo y busca nuclear a las personas de todas las edades que est\u00e1n comenzando a transitar el camino de los t\u00edteres Pablo Albini unimaemergentes@gmail.com<\/p>\n","protected":false},"author":1,"featured_media":0,"parent":0,"menu_order":0,"comment_status":"closed","ping_status":"closed","template":"","meta":{"footnotes":""},"class_list":["post-664","page","type-page","status-publish","hentry"],"_links":{"self":[{"href":"https:\/\/unima-argentina.org\/ua22\/wp-json\/wp\/v2\/pages\/664","targetHints":{"allow":["GET"]}}],"collection":[{"href":"https:\/\/unima-argentina.org\/ua22\/wp-json\/wp\/v2\/pages"}],"about":[{"href":"https:\/\/unima-argentina.org\/ua22\/wp-json\/wp\/v2\/types\/page"}],"author":[{"embeddable":true,"href":"https:\/\/unima-argentina.org\/ua22\/wp-json\/wp\/v2\/users\/1"}],"replies":[{"embeddable":true,"href":"https:\/\/unima-argentina.org\/ua22\/wp-json\/wp\/v2\/comments?post=664"}],"version-history":[{"count":2,"href":"https:\/\/unima-argentina.org\/ua22\/wp-json\/wp\/v2\/pages\/664\/revisions"}],"predecessor-version":[{"id":693,"href":"https:\/\/unima-argentina.org\/ua22\/wp-json\/wp\/v2\/pages\/664\/revisions\/693"}],"wp:attachment":[{"href":"https:\/\/unima-argentina.org\/ua22\/wp-json\/wp\/v2\/media?parent=664"}],"curies":[{"name":"wp","href":"https:\/\/api.w.org\/{rel}","templated":true}]}}